{"id":1100,"date":"2023-01-01T12:00:28","date_gmt":"2023-01-01T11:00:28","guid":{"rendered":"http:\/\/houzez01.favethemes.com\/?page_id=1100"},"modified":"2024-06-20T12:50:00","modified_gmt":"2024-06-20T11:50:00","slug":"contact","status":"publish","type":"page","link":"https:\/\/locations.stephane-defolie.com\/fr\/contact\/","title":{"rendered":"Contact"},"content":{"rendered":"<div data-elementor-type=\"wp-post\" data-elementor-id=\"1100\" class=\"elementor elementor-1100\">\n\t\t\t\t\t\t<section class=\"elementor-section elementor-top-section elementor-element elementor-element-4685f94f elementor-section-boxed elementor-section-height-default elementor-section-height-default\" data-id=\"4685f94f\" data-element_type=\"section\">\n\t\t\t\t\t\t<div class=\"elementor-container elementor-column-gap-default\">\n\t\t\t\t\t<div class=\"elementor-column elementor-col-100 elementor-top-column elementor-element elementor-element-3cc02e3f\" data-id=\"3cc02e3f\" data-element_type=\"column\">\n\t\t\t<div class=\"elementor-widget-wrap elementor-element-populated\">\n\t\t\t\t\t\t<div class=\"elementor-element elementor-element-1c30fcfe elementor-widget elementor-widget-houzez_elementor_space\" data-id=\"1c30fcfe\" data-element_type=\"widget\" data-widget_type=\"houzez_elementor_space.default\">\n\t\t\t\t<div class=\"elementor-widget-container\">\n\t\t\t        <div class=\"houzez-spacer\">\n            <div class=\"houzez-spacer-inner\"><\/div>\n        <\/div>\n        \t\t<\/div>\n\t\t\t\t<\/div>\n\t\t\t\t\t<\/div>\n\t\t<\/div>\n\t\t\t\t\t<\/div>\n\t\t<\/section>\n\t\t\t\t<section class=\"elementor-section elementor-top-section elementor-element elementor-element-66c72d5c elementor-section-content-top animated-slow elementor-section-boxed elementor-section-height-default elementor-section-height-default elementor-invisible\" data-id=\"66c72d5c\" data-element_type=\"section\" data-settings=\"{&quot;animation&quot;:&quot;fadeIn&quot;}\">\n\t\t\t\t\t\t<div class=\"elementor-container elementor-column-gap-default\">\n\t\t\t\t\t<div class=\"elementor-column elementor-col-50 elementor-top-column elementor-element elementor-element-604d7e1\" data-id=\"604d7e1\" data-element_type=\"column\" data-settings=\"{&quot;background_background&quot;:&quot;classic&quot;}\">\n\t\t\t<div class=\"elementor-widget-wrap elementor-element-populated\">\n\t\t\t\t\t\t<div class=\"elementor-element elementor-element-476a04ef elementor-widget elementor-widget-text-editor\" data-id=\"476a04ef\" data-element_type=\"widget\" data-widget_type=\"text-editor.default\">\n\t\t\t\t<div class=\"elementor-widget-container\">\n\t\t\t\t\t\t\t<p>Use the form to get in touch about your shooting.<\/p>\t\t\t\t\t\t<\/div>\n\t\t\t\t<\/div>\n\t\t\t\t<div class=\"elementor-element elementor-element-65809ee3 elementor-button-align-stretch elementor-widget elementor-widget-houzez_elementor_contact_form\" data-id=\"65809ee3\" data-element_type=\"widget\" data-widget_type=\"houzez_elementor_contact_form.default\">\n\t\t\t\t<div class=\"elementor-widget-container\">\n\t\t\t\n        <script type=\"application\/javascript\">\n            jQuery(document).bind(\"ready\", function () {\n                houzezValidateElementor(\"#houzez-form-65809ee3\" );\n            });\n        <\/script>\n\n        <form class=\"elementor-form\" id=\"houzez-form-65809ee3\" method=\"post\" name=\"New Form\" action=\"https:\/\/locations.stephane-defolie.com\/wp-admin\/admin-ajax.php\">\n            <input type=\"hidden\" name=\"form_id\" value=\"65809ee3\"\/>\n            <input type=\"hidden\" name=\"houzez_contact_form\" value=\"yes\"\/>\n            <input type=\"hidden\" name=\"action\" value=\"houzez_ele_contact_form\" \/>\n            <input type=\"hidden\" name=\"source_link\" value=\"https:\/\/locations.stephane-defolie.com\/fr\/contact\/\" \/>\n            <input type=\"hidden\" name=\"lead_page_id\" value=\"1100\" \/>\n            <input type=\"hidden\" name=\"email_to\" value=\"scout@stephane-defolie.com\" \/>\n            <input type=\"hidden\" name=\"email_subject\" value=\"Nouveau Message \/ Contact St\u00e9phane Defolie # Location Scout\" \/>\n            <input type=\"hidden\" name=\"email_to_cc\" value=\"sdefolie@gmail.com\" \/>\n            <input type=\"hidden\" name=\"email_to_bcc\" value=\"\" \/>\n            <input type=\"hidden\" name=\"webhook\" value=\"false\" \/>\n            <input type=\"hidden\" name=\"webhook_url\" value=\"\" \/>\n            <input type=\"hidden\" name=\"redirect_to\" value=\"\" \/>\n            <input type=\"hidden\" name=\"google_recaptcha\" value=\"false\" \/>\n            \n\n            <div class=\"elementor-form-fields-wrapper elementor-labels-above\">\n\n                                    <div class=\"elementor-field-group elementor-column form-group elementor-field-group-name elementor-col-50 elementor-field-required elementor-mark-required\">\n                    <label for=\"form-field-name\" class=\"elementor-field-label\">Pr\u00e9nom<\/label><input type=\"text\" name=\"first_name\" id=\"form-field-name\" class=\"elementor-field form-control elementor-size-sm elementor-field-textual\" title=\"* Pr\u00e9nom\" required=\"required\">                    <\/div>\n\n                                        <div class=\"elementor-field-group elementor-column form-group elementor-field-group-bf18955 elementor-col-50 elementor-field-required elementor-mark-required\">\n                    <label for=\"form-field-bf18955\" class=\"elementor-field-label\">Nom<\/label><input type=\"text\" name=\"last_name\" id=\"form-field-bf18955\" class=\"elementor-field form-control elementor-size-sm elementor-field-textual\" title=\"* Last Name\" required=\"required\">                    <\/div>\n\n                                        <div class=\"elementor-field-group elementor-column form-group elementor-field-group-email elementor-col-50 elementor-field-required elementor-mark-required\">\n                    <label for=\"form-field-email\" class=\"elementor-field-label\">Email<\/label><input type=\"email\" name=\"email\" id=\"form-field-email\" class=\"elementor-field form-control elementor-size-sm elementor-field-textual\" title=\"* Email\" required=\"required\">                    <\/div>\n\n                                        <div class=\"elementor-field-group elementor-column form-group elementor-field-group-0274e7c elementor-col-50\">\n                    <label for=\"form-field-0274e7c\" class=\"elementor-field-label\">Mobile<\/label><input type=\"text\" name=\"mobile\" id=\"form-field-0274e7c\" class=\"elementor-field form-control elementor-size-sm elementor-field-textual\" title=\"* Mobile\">                    <\/div>\n\n                                        <div class=\"elementor-field-group elementor-column form-group elementor-field-group-message elementor-col-100 elementor-field-required elementor-mark-required\">\n                    <label for=\"form-field-message\" class=\"elementor-field-label\">Message<\/label><textarea class=\"elementor-field-textual elementor-field elementor-size-sm\" name=\"message\" id=\"form-field-message\" rows=\"4\" required=\"required\" title=\"* Message\"><\/textarea>                    <\/div>\n\n                    \n                                        <div class=\"houzez-gdpr-agreement elementor-field-group elementor-col-100\">\n                        <label for=\"gdpr_agreement\" class=\"elementor-field-label\">Accord RGPD<\/label>\n                        <div class=\"gdpr-agreement-subgroup\">\n                            <span class=\"gdpr-field-option\">\n                                <label class=\"gdpr-text\" for=\"gdpr_agreement\">\n                                    <input required type=\"checkbox\" name=\"gdpr_agreement\" id=\"gdpr_agreement\" title=\"* Accord RGPD\">  Je suis en accord pour que ce site stocke mes informations envoy\u00e9es.                                <\/label>\n                            <\/span>\n                        <\/div>             \n                    <\/div>\n                    \n                    \n                    <div class=\"elementor-field-group elementor-column elementor-field-type-submit elementor-col-100\">\n                    <button type=\"submit\" class=\"houzez-submit-button houzez-contact-form-js elementor-button elementor-size-sm\">\n                        <i class=\"btn-loader houzez-loader-js\"><\/i>\n                                                    Envoyer                                            <\/button>\n                <\/div>\n            <\/div><!-- End wrapper-->\n            <br\/>\n            <div class=\"ele-form-messages\"><\/div>\n            <div class=\"error-container\"><\/div>\n\n        <\/form>\n\n    \t\t<\/div>\n\t\t\t\t<\/div>\n\t\t\t\t\t<\/div>\n\t\t<\/div>\n\t\t\t\t<div class=\"elementor-column elementor-col-25 elementor-top-column elementor-element elementor-element-450a287a\" data-id=\"450a287a\" data-element_type=\"column\">\n\t\t\t<div class=\"elementor-widget-wrap\">\n\t\t\t\t\t\t\t<\/div>\n\t\t<\/div>\n\t\t\t\t<div class=\"elementor-column elementor-col-25 elementor-top-column elementor-element elementor-element-3695f05\" data-id=\"3695f05\" data-element_type=\"column\">\n\t\t\t<div class=\"elementor-widget-wrap elementor-element-populated\">\n\t\t\t\t\t\t<div class=\"elementor-element elementor-element-6b944116 elementor-widget elementor-widget-text-editor\" data-id=\"6b944116\" data-element_type=\"widget\" data-widget_type=\"text-editor.default\">\n\t\t\t\t<div class=\"elementor-widget-container\">\n\t\t\t\t\t\t\t<p class=\"padding-top\"><span style=\"text-decoration: underline;\"><strong>Demande de Devis<\/strong><\/span><\/p><p><strong>St\u00e9phane Defolie<\/strong><br \/>Rep\u00e9reur<br \/><a href=\"tel: 33672772912\">+33 6 72 77 29 12<\/a><br \/><a href=\"mailto:scout@stephane-defolie.com\">scout@stephane-defolie.com<\/a><\/p>\t\t\t\t\t\t<\/div>\n\t\t\t\t<\/div>\n\t\t\t\t<div class=\"elementor-element elementor-element-4b853b89 elementor-shape-rounded elementor-grid-0 e-grid-align-center elementor-widget elementor-widget-social-icons\" data-id=\"4b853b89\" data-element_type=\"widget\" data-widget_type=\"social-icons.default\">\n\t\t\t\t<div class=\"elementor-widget-container\">\n\t\t\t\t\t<div class=\"elementor-social-icons-wrapper elementor-grid\">\n\t\t\t\t\t\t\t<span class=\"elementor-grid-item\">\n\t\t\t\t\t<a class=\"elementor-icon elementor-social-icon elementor-social-icon-facebook elementor-animation-shrink elementor-repeater-item-4d4e750\" href=\"https:\/\/www.facebook.com\/StephaneDefolieLS\" target=\"_blank\">\n\t\t\t\t\t\t<span class=\"elementor-screen-only\">Facebook<\/span>\n\t\t\t\t\t\t<i class=\"fab fa-facebook\"><\/i>\t\t\t\t\t<\/a>\n\t\t\t\t<\/span>\n\t\t\t\t\t\t\t<span class=\"elementor-grid-item\">\n\t\t\t\t\t<a class=\"elementor-icon elementor-social-icon elementor-social-icon-instagram elementor-animation-shrink elementor-repeater-item-aeba5f1\" href=\"https:\/\/www.instagram.com\/sdefolie\/\" target=\"_blank\">\n\t\t\t\t\t\t<span class=\"elementor-screen-only\">Instagram<\/span>\n\t\t\t\t\t\t<i class=\"fab fa-instagram\"><\/i>\t\t\t\t\t<\/a>\n\t\t\t\t<\/span>\n\t\t\t\t\t<\/div>\n\t\t\t\t<\/div>\n\t\t\t\t<\/div>\n\t\t\t\t<div class=\"elementor-element elementor-element-4caa5b14 elementor-widget elementor-widget-text-editor\" data-id=\"4caa5b14\" data-element_type=\"widget\" data-widget_type=\"text-editor.default\">\n\t\t\t\t<div class=\"elementor-widget-container\">\n\t\t\t\t\t\t\t<p class=\"padding-top\"><strong>Bureau<\/strong><br \/>Le Tripostal<br \/>2 Place Francis Chirat<br \/>13002 Marseille<\/p>\t\t\t\t\t\t<\/div>\n\t\t\t\t<\/div>\n\t\t\t\t\t<\/div>\n\t\t<\/div>\n\t\t\t\t\t<\/div>\n\t\t<\/section>\n\t\t\t\t<section class=\"elementor-section elementor-top-section elementor-element elementor-element-84d8fb3 animated-slow elementor-section-boxed elementor-section-height-default elementor-section-height-default elementor-invisible\" data-id=\"84d8fb3\" data-element_type=\"section\" data-settings=\"{&quot;animation&quot;:&quot;fadeIn&quot;}\">\n\t\t\t\t\t\t<div class=\"elementor-container elementor-column-gap-default\">\n\t\t\t\t\t<div class=\"elementor-column elementor-col-100 elementor-top-column elementor-element elementor-element-6ac37c76\" data-id=\"6ac37c76\" data-element_type=\"column\">\n\t\t\t<div class=\"elementor-widget-wrap elementor-element-populated\">\n\t\t\t\t\t\t<div class=\"elementor-element elementor-element-46b46d17 elementor-widget elementor-widget-google_maps\" data-id=\"46b46d17\" data-element_type=\"widget\" data-widget_type=\"google_maps.default\">\n\t\t\t\t<div class=\"elementor-widget-container\">\n\t\t\t\t\t<div class=\"elementor-custom-embed\">\n\t\t\t<iframe loading=\"lazy\"\n\t\t\t\t\tsrc=\"https:\/\/maps.google.com\/maps?q=2%20Place%20Francis%20Chirat%2C%2013002%20Marseille%2C%20France&#038;t=m&#038;z=14&#038;output=embed&#038;iwloc=near\"\n\t\t\t\t\ttitle=\"2 Place Francis Chirat, 13002 Marseille, France\"\n\t\t\t\t\taria-label=\"2 Place Francis Chirat, 13002 Marseille, France\"\n\t\t\t><\/iframe>\n\t\t<\/div>\n\t\t\t\t<\/div>\n\t\t\t\t<\/div>\n\t\t\t\t<div class=\"elementor-element elementor-element-7791297 elementor-widget elementor-widget-text-editor\" data-id=\"7791297\" data-element_type=\"widget\" data-widget_type=\"text-editor.default\">\n\t\t\t\t<div class=\"elementor-widget-container\">\n\t\t\t\t\t\t\t<p style=\"text-align: left;\"><strong>Adresse<\/strong>: Le Tripostal, 2 Place Francis Chirat, 13002 Marseille, France<\/p>\t\t\t\t\t\t<\/div>\n\t\t\t\t<\/div>\n\t\t\t\t\t<\/div>\n\t\t<\/div>\n\t\t\t\t\t<\/div>\n\t\t<\/section>\n\t\t\t\t<section class=\"elementor-section elementor-top-section elementor-element elementor-element-46d6d99 elementor-section-boxed elementor-section-height-default elementor-section-height-default\" data-id=\"46d6d99\" data-element_type=\"section\">\n\t\t\t\t\t\t<div class=\"elementor-container elementor-column-gap-default\">\n\t\t\t\t\t<div class=\"elementor-column elementor-col-100 elementor-top-column elementor-element elementor-element-7d025ec2\" data-id=\"7d025ec2\" data-element_type=\"column\">\n\t\t\t<div class=\"elementor-widget-wrap elementor-element-populated\">\n\t\t\t\t\t\t<div class=\"elementor-element elementor-element-4ac0d0ee elementor-widget elementor-widget-spacer\" data-id=\"4ac0d0ee\" data-element_type=\"widget\" data-widget_type=\"spacer.default\">\n\t\t\t\t<div class=\"elementor-widget-container\">\n\t\t\t\t\t<div class=\"elementor-spacer\">\n\t\t\t<div class=\"elementor-spacer-inner\"><\/div>\n\t\t<\/div>\n\t\t\t\t<\/div>\n\t\t\t\t<\/div>\n\t\t\t\t\t<\/div>\n\t\t<\/div>\n\t\t\t\t\t<\/div>\n\t\t<\/section>\n\t\t\t\t<\/div>","protected":false},"excerpt":{"rendered":"<p>Use the form to get in touch about your shooting. First Name Last Name Email Mobile Message GDPR Agreement I consent to having this website store my submitted information Submit For inquiries St\u00e9phane DefolieLocation Scout+33 6 72 77 29 12scout@stephane-defolie.com Facebook Instagram OfficeLe Tripostal2 Place Francis Chirat13002 Marseille Address: Le Tripostal, 2 Place Francis Chirat, [&hellip;]<\/p>","protected":false},"author":1,"featured_media":0,"parent":0,"menu_order":0,"comment_status":"closed","ping_status":"closed","template":"elementor_header_footer","meta":{"footnotes":""},"class_list":["post-1100","page","type-page","status-publish","hentry"],"yoast_head":"<!-- This site is optimized with the Yoast SEO plugin v22.0 - https:\/\/yoast.com\/wordpress\/plugins\/seo\/ -->\n<title>Contact - St\u00e9phane Defolie # Location Scout<\/title>\n<meta name=\"description\" content=\"Rep\u00e9reur \/ Rep\u00e9rage de D\u00e9cors, Marseille, Provence, Sud France. - Location Scout \/ Location Scouting, Marseille, Provence, south of France\" \/>\n<meta name=\"robots\" content=\"index, follow, max-snippet:-1, max-image-preview:large, max-video-preview:-1\" \/>\n<link rel=\"canonical\" href=\"https:\/\/locations.stephane-defolie.com\/fr\/contact\/\" \/>\n<meta property=\"og:locale\" content=\"fr_FR\" \/>\n<meta property=\"og:type\" content=\"article\" \/>\n<meta property=\"og:title\" content=\"Contact - St\u00e9phane Defolie # Location Scout\" \/>\n<meta property=\"og:description\" content=\"Rep\u00e9reur \/ Rep\u00e9rage de D\u00e9cors, Marseille, Provence, Sud France. - Location Scout \/ Location Scouting, Marseille, Provence, south of France\" \/>\n<meta property=\"og:url\" content=\"https:\/\/locations.stephane-defolie.com\/fr\/contact\/\" \/>\n<meta property=\"og:site_name\" content=\"St\u00e9phane Defolie # Location Scout\" \/>\n<meta property=\"article:modified_time\" content=\"2024-06-20T11:50:00+00:00\" \/>\n<meta name=\"twitter:label1\" content=\"Dur\u00e9e de lecture estim\u00e9e\" \/>\n\t<meta name=\"twitter:data1\" content=\"1 minute\" \/>\n<script type=\"application\/ld+json\" class=\"yoast-schema-graph\">{\"@context\":\"https:\/\/schema.org\",\"@graph\":[{\"@type\":\"WebPage\",\"@id\":\"https:\/\/locations.stephane-defolie.com\/contact\/\",\"url\":\"https:\/\/locations.stephane-defolie.com\/contact\/\",\"name\":\"Contact - St\u00e9phane Defolie # Location Scout\",\"isPartOf\":{\"@id\":\"https:\/\/locations.stephane-defolie.com\/#website\"},\"datePublished\":\"2023-01-01T11:00:28+00:00\",\"dateModified\":\"2024-06-20T11:50:00+00:00\",\"description\":\"Rep\u00e9reur \/ Rep\u00e9rage de D\u00e9cors, Marseille, Provence, Sud France. - Location Scout \/ Location Scouting, Marseille, Provence, south of France\",\"breadcrumb\":{\"@id\":\"https:\/\/locations.stephane-defolie.com\/contact\/#breadcrumb\"},\"inLanguage\":\"fr-FR\",\"potentialAction\":[{\"@type\":\"ReadAction\",\"target\":[\"https:\/\/locations.stephane-defolie.com\/contact\/\"]}]},{\"@type\":\"BreadcrumbList\",\"@id\":\"https:\/\/locations.stephane-defolie.com\/contact\/#breadcrumb\",\"itemListElement\":[{\"@type\":\"ListItem\",\"position\":1,\"name\":\"Accueil\",\"item\":\"https:\/\/locations.stephane-defolie.com\/\"},{\"@type\":\"ListItem\",\"position\":2,\"name\":\"Contact\"}]},{\"@type\":\"WebSite\",\"@id\":\"https:\/\/locations.stephane-defolie.com\/#website\",\"url\":\"https:\/\/locations.stephane-defolie.com\/\",\"name\":\"St\u00e9phane Defolie # Location Scout\",\"description\":\"Marseille - Provence - South of France\",\"publisher\":{\"@id\":\"https:\/\/locations.stephane-defolie.com\/#organization\"},\"potentialAction\":[{\"@type\":\"SearchAction\",\"target\":{\"@type\":\"EntryPoint\",\"urlTemplate\":\"https:\/\/locations.stephane-defolie.com\/?s={search_term_string}\"},\"query-input\":\"required name=search_term_string\"}],\"inLanguage\":\"fr-FR\"},{\"@type\":\"Organization\",\"@id\":\"https:\/\/locations.stephane-defolie.com\/#organization\",\"name\":\"St\u00e9phane Defolie # Location Scout\",\"url\":\"https:\/\/locations.stephane-defolie.com\/\",\"logo\":{\"@type\":\"ImageObject\",\"inLanguage\":\"fr-FR\",\"@id\":\"https:\/\/locations.stephane-defolie.com\/#\/schema\/logo\/image\/\",\"url\":\"https:\/\/locations.stephane-defolie.com\/wp-content\/uploads\/2022\/12\/logo-text-black.png\",\"contentUrl\":\"https:\/\/locations.stephane-defolie.com\/wp-content\/uploads\/2022\/12\/logo-text-black.png\",\"width\":907,\"height\":354,\"caption\":\"St\u00e9phane Defolie # Location Scout\"},\"image\":{\"@id\":\"https:\/\/locations.stephane-defolie.com\/#\/schema\/logo\/image\/\"}}]}<\/script>\n<!-- \/ Yoast SEO plugin. -->","yoast_head_json":{"title":"Contact - St\u00e9phane Defolie # Location Scout","description":"Rep\u00e9reur \/ Rep\u00e9rage de D\u00e9cors, Marseille, Provence, Sud France. - Location Scout \/ Location Scouting, Marseille, Provence, south of France","robots":{"index":"index","follow":"follow","max-snippet":"max-snippet:-1","max-image-preview":"max-image-preview:large","max-video-preview":"max-video-preview:-1"},"canonical":"https:\/\/locations.stephane-defolie.com\/fr\/contact\/","og_locale":"fr_FR","og_type":"article","og_title":"Contact - St\u00e9phane Defolie # Location Scout","og_description":"Rep\u00e9reur \/ Rep\u00e9rage de D\u00e9cors, Marseille, Provence, Sud France. - Location Scout \/ Location Scouting, Marseille, Provence, south of France","og_url":"https:\/\/locations.stephane-defolie.com\/fr\/contact\/","og_site_name":"St\u00e9phane Defolie # Location Scout","article_modified_time":"2024-06-20T11:50:00+00:00","twitter_misc":{"Dur\u00e9e de lecture estim\u00e9e":"1 minute"},"schema":{"@context":"https:\/\/schema.org","@graph":[{"@type":"WebPage","@id":"https:\/\/locations.stephane-defolie.com\/contact\/","url":"https:\/\/locations.stephane-defolie.com\/contact\/","name":"Contact - St\u00e9phane Defolie # Location Scout","isPartOf":{"@id":"https:\/\/locations.stephane-defolie.com\/#website"},"datePublished":"2023-01-01T11:00:28+00:00","dateModified":"2024-06-20T11:50:00+00:00","description":"Rep\u00e9reur \/ Rep\u00e9rage de D\u00e9cors, Marseille, Provence, Sud France. - Location Scout \/ Location Scouting, Marseille, Provence, south of France","breadcrumb":{"@id":"https:\/\/locations.stephane-defolie.com\/contact\/#breadcrumb"},"inLanguage":"fr-FR","potentialAction":[{"@type":"ReadAction","target":["https:\/\/locations.stephane-defolie.com\/contact\/"]}]},{"@type":"BreadcrumbList","@id":"https:\/\/locations.stephane-defolie.com\/contact\/#breadcrumb","itemListElement":[{"@type":"ListItem","position":1,"name":"Accueil","item":"https:\/\/locations.stephane-defolie.com\/"},{"@type":"ListItem","position":2,"name":"Contact"}]},{"@type":"WebSite","@id":"https:\/\/locations.stephane-defolie.com\/#website","url":"https:\/\/locations.stephane-defolie.com\/","name":"St\u00e9phane Defolie # Location Scout","description":"Marseille - Provence - South of France","publisher":{"@id":"https:\/\/locations.stephane-defolie.com\/#organization"},"potentialAction":[{"@type":"SearchAction","target":{"@type":"EntryPoint","urlTemplate":"https:\/\/locations.stephane-defolie.com\/?s={search_term_string}"},"query-input":"required name=search_term_string"}],"inLanguage":"fr-FR"},{"@type":"Organization","@id":"https:\/\/locations.stephane-defolie.com\/#organization","name":"St\u00e9phane Defolie # Location Scout","url":"https:\/\/locations.stephane-defolie.com\/","logo":{"@type":"ImageObject","inLanguage":"fr-FR","@id":"https:\/\/locations.stephane-defolie.com\/#\/schema\/logo\/image\/","url":"https:\/\/locations.stephane-defolie.com\/wp-content\/uploads\/2022\/12\/logo-text-black.png","contentUrl":"https:\/\/locations.stephane-defolie.com\/wp-content\/uploads\/2022\/12\/logo-text-black.png","width":907,"height":354,"caption":"St\u00e9phane Defolie # Location Scout"},"image":{"@id":"https:\/\/locations.stephane-defolie.com\/#\/schema\/logo\/image\/"}}]}},"_links":{"self":[{"href":"https:\/\/locations.stephane-defolie.com\/fr\/wp-json\/wp\/v2\/pages\/1100"}],"collection":[{"href":"https:\/\/locations.stephane-defolie.com\/fr\/wp-json\/wp\/v2\/pages"}],"about":[{"href":"https:\/\/locations.stephane-defolie.com\/fr\/wp-json\/wp\/v2\/types\/page"}],"author":[{"embeddable":true,"href":"https:\/\/locations.stephane-defolie.com\/fr\/wp-json\/wp\/v2\/users\/1"}],"replies":[{"embeddable":true,"href":"https:\/\/locations.stephane-defolie.com\/fr\/wp-json\/wp\/v2\/comments?post=1100"}],"version-history":[{"count":19,"href":"https:\/\/locations.stephane-defolie.com\/fr\/wp-json\/wp\/v2\/pages\/1100\/revisions"}],"predecessor-version":[{"id":20694,"href":"https:\/\/locations.stephane-defolie.com\/fr\/wp-json\/wp\/v2\/pages\/1100\/revisions\/20694"}],"wp:attachment":[{"href":"https:\/\/locations.stephane-defolie.com\/fr\/wp-json\/wp\/v2\/media?parent=1100"}],"curies":[{"name":"wp","href":"https:\/\/api.w.org\/{rel}","templated":true}]}}