{"id":17360,"date":"2016-03-10T18:51:46","date_gmt":"2016-03-10T18:51:46","guid":{"rendered":"https:\/\/default.houzez.co\/?page_id=745"},"modified":"2023-11-17T15:37:15","modified_gmt":"2023-11-17T14:37:15","slug":"terms-and-conditions-2","status":"publish","type":"page","link":"https:\/\/locations.stephane-defolie.com\/fr\/terms-and-conditions-2\/","title":{"rendered":"Mentions L\u00e9gales - CGU"},"content":{"rendered":"<div data-elementor-type=\"wp-page\" data-elementor-id=\"17360\" class=\"elementor elementor-17360\">\n\t\t\t\t\t\t<section class=\"elementor-section elementor-top-section elementor-element elementor-element-b804cca elementor-section-boxed elementor-section-height-default elementor-section-height-default\" data-id=\"b804cca\" data-element_type=\"section\">\n\t\t\t\t\t\t<div class=\"elementor-container elementor-column-gap-default\">\n\t\t\t\t\t<div class=\"elementor-column elementor-col-100 elementor-top-column elementor-element elementor-element-8120ed1\" data-id=\"8120ed1\" data-element_type=\"column\">\n\t\t\t<div class=\"elementor-widget-wrap elementor-element-populated\">\n\t\t\t\t\t\t<div class=\"elementor-element elementor-element-5feef04 elementor-widget elementor-widget-heading\" data-id=\"5feef04\" data-element_type=\"widget\" data-widget_type=\"heading.default\">\n\t\t\t\t<div class=\"elementor-widget-container\">\n\t\t\t<h2 class=\"elementor-heading-title elementor-size-default\">Mentions L\u00e9gales<\/h2>\t\t<\/div>\n\t\t\t\t<\/div>\n\t\t\t\t\t<\/div>\n\t\t<\/div>\n\t\t\t\t\t<\/div>\n\t\t<\/section>\n\t\t\t\t<section class=\"elementor-section elementor-top-section elementor-element elementor-element-0d41d7d elementor-section-boxed elementor-section-height-default elementor-section-height-default\" data-id=\"0d41d7d\" data-element_type=\"section\">\n\t\t\t\t\t\t<div class=\"elementor-container elementor-column-gap-default\">\n\t\t\t\t\t<div class=\"elementor-column elementor-col-100 elementor-top-column elementor-element elementor-element-de212bd\" data-id=\"de212bd\" data-element_type=\"column\">\n\t\t\t<div class=\"elementor-widget-wrap elementor-element-populated\">\n\t\t\t\t\t\t<div class=\"elementor-element elementor-element-17b3aad elementor-widget elementor-widget-toggle\" data-id=\"17b3aad\" data-element_type=\"widget\" data-widget_type=\"toggle.default\">\n\t\t\t\t<div class=\"elementor-widget-container\">\n\t\t\t\t\t<div class=\"elementor-toggle\">\n\t\t\t\t\t\t\t<div class=\"elementor-toggle-item\">\n\t\t\t\t\t<div id=\"elementor-tab-title-2481\" class=\"elementor-tab-title\" data-tab=\"1\" role=\"button\" aria-controls=\"elementor-tab-content-2481\" aria-expanded=\"false\">\n\t\t\t\t\t\t\t\t\t\t\t\t<span class=\"elementor-toggle-icon elementor-toggle-icon-left\" aria-hidden=\"true\">\n\t\t\t\t\t\t\t\t\t\t\t\t\t\t\t<span class=\"elementor-toggle-icon-closed\"><i class=\"fas fa-caret-right\"><\/i><\/span>\n\t\t\t\t\t\t\t\t<span class=\"elementor-toggle-icon-opened\"><i class=\"elementor-toggle-icon-opened fas fa-caret-up\"><\/i><\/span>\n\t\t\t\t\t\t\t\t\t\t\t\t\t<\/span>\n\t\t\t\t\t\t\t\t\t\t\t\t<a class=\"elementor-toggle-title\" tabindex=\"0\">Propri\u00e9taire et Editeur<\/a>\n\t\t\t\t\t<\/div>\n\n\t\t\t\t\t<div id=\"elementor-tab-content-2481\" class=\"elementor-tab-content elementor-clearfix\" data-tab=\"1\" role=\"region\" aria-labelledby=\"elementor-tab-title-2481\">Lorem ipsum dolor sit amet, consectetur adipiscing elit. Ut elit tellus, luctus nec ullamcorper mattis, pulvinar dapibus leo.<\/div>\n\t\t\t\t<\/div>\n\t\t\t\t\t\t\t<div class=\"elementor-toggle-item\">\n\t\t\t\t\t<div id=\"elementor-tab-title-2482\" class=\"elementor-tab-title\" data-tab=\"2\" role=\"button\" aria-controls=\"elementor-tab-content-2482\" aria-expanded=\"false\">\n\t\t\t\t\t\t\t\t\t\t\t\t<span class=\"elementor-toggle-icon elementor-toggle-icon-left\" aria-hidden=\"true\">\n\t\t\t\t\t\t\t\t\t\t\t\t\t\t\t<span class=\"elementor-toggle-icon-closed\"><i class=\"fas fa-caret-right\"><\/i><\/span>\n\t\t\t\t\t\t\t\t<span class=\"elementor-toggle-icon-opened\"><i class=\"elementor-toggle-icon-opened fas fa-caret-up\"><\/i><\/span>\n\t\t\t\t\t\t\t\t\t\t\t\t\t<\/span>\n\t\t\t\t\t\t\t\t\t\t\t\t<a class=\"elementor-toggle-title\" tabindex=\"0\">H\u00e9bergeur<\/a>\n\t\t\t\t\t<\/div>\n\n\t\t\t\t\t<div id=\"elementor-tab-content-2482\" class=\"elementor-tab-content elementor-clearfix\" data-tab=\"2\" role=\"region\" aria-labelledby=\"elementor-tab-title-2482\">Lorem ipsum dolor sit amet, consectetur adipiscing elit. Ut elit tellus, luctus nec ullamcorper mattis, pulvinar dapibus leo.<\/div>\n\t\t\t\t<\/div>\n\t\t\t\t\t\t\t<div class=\"elementor-toggle-item\">\n\t\t\t\t\t<div id=\"elementor-tab-title-2483\" class=\"elementor-tab-title\" data-tab=\"3\" role=\"button\" aria-controls=\"elementor-tab-content-2483\" aria-expanded=\"false\">\n\t\t\t\t\t\t\t\t\t\t\t\t<span class=\"elementor-toggle-icon elementor-toggle-icon-left\" aria-hidden=\"true\">\n\t\t\t\t\t\t\t\t\t\t\t\t\t\t\t<span class=\"elementor-toggle-icon-closed\"><i class=\"fas fa-caret-right\"><\/i><\/span>\n\t\t\t\t\t\t\t\t<span class=\"elementor-toggle-icon-opened\"><i class=\"elementor-toggle-icon-opened fas fa-caret-up\"><\/i><\/span>\n\t\t\t\t\t\t\t\t\t\t\t\t\t<\/span>\n\t\t\t\t\t\t\t\t\t\t\t\t<a class=\"elementor-toggle-title\" tabindex=\"0\">Utilisation du Site<\/a>\n\t\t\t\t\t<\/div>\n\n\t\t\t\t\t<div id=\"elementor-tab-content-2483\" class=\"elementor-tab-content elementor-clearfix\" data-tab=\"3\" role=\"region\" aria-labelledby=\"elementor-tab-title-2483\"><p>Les informations et les services propos\u00e9s sur ce site ne peuvent, en aucun cas, \u00eatre utilis\u00e9s \u00e0 des fins mercantiles, publicitaires ou pour toute forme de sollicitation commerciale. Ces dispositions s\u2019appliquent \u00e0 tous les utilisateurs du site quels qu\u2019ils soient.<\/p><p><strong>Contenu du site et droits de propri\u00e9t\u00e9 intellectuelle<\/strong><br \/>L\u2019ensemble de ce site rel\u00e8ve des l\u00e9gislations fran\u00e7aises et internationales sur le droit d\u2019auteur et la propri\u00e9t\u00e9 intellectuelle. Tous les droits de reproduction sont r\u00e9serv\u00e9s, y compris pour les documents iconographiques, photographiques, et vid\u00e9ographiques.<\/p><\/div>\n\t\t\t\t<\/div>\n\t\t\t\t\t\t\t<div class=\"elementor-toggle-item\">\n\t\t\t\t\t<div id=\"elementor-tab-title-2484\" class=\"elementor-tab-title\" data-tab=\"4\" role=\"button\" aria-controls=\"elementor-tab-content-2484\" aria-expanded=\"false\">\n\t\t\t\t\t\t\t\t\t\t\t\t<span class=\"elementor-toggle-icon elementor-toggle-icon-left\" aria-hidden=\"true\">\n\t\t\t\t\t\t\t\t\t\t\t\t\t\t\t<span class=\"elementor-toggle-icon-closed\"><i class=\"fas fa-caret-right\"><\/i><\/span>\n\t\t\t\t\t\t\t\t<span class=\"elementor-toggle-icon-opened\"><i class=\"elementor-toggle-icon-opened fas fa-caret-up\"><\/i><\/span>\n\t\t\t\t\t\t\t\t\t\t\t\t\t<\/span>\n\t\t\t\t\t\t\t\t\t\t\t\t<a class=\"elementor-toggle-title\" tabindex=\"0\">S\u00e9curit\u00e9 et Gestion du Site<\/a>\n\t\t\t\t\t<\/div>\n\n\t\t\t\t\t<div id=\"elementor-tab-content-2484\" class=\"elementor-tab-content elementor-clearfix\" data-tab=\"4\" role=\"region\" aria-labelledby=\"elementor-tab-title-2484\"><p>Afin de mettre en \u0153uvre les mesures de s\u00e9curit\u00e9 et les op\u00e9rations de maintenance indispensables \u00e0 la bonne gestion du Site, l&#8217;Editeur peut \u00eatre amen\u00e9, \u00e0 tout moment, \u00e0 suspendre, interrompre ou limiter l&#8217;acc\u00e8s \u00e0 tout ou partie du Site ou supprimer toute information pouvant en perturber le fonctionnement ou contrevenant \u00e0 la r\u00e9glementation en vigueur.<\/p><\/div>\n\t\t\t\t<\/div>\n\t\t\t\t\t\t\t<div class=\"elementor-toggle-item\">\n\t\t\t\t\t<div id=\"elementor-tab-title-2485\" class=\"elementor-tab-title\" data-tab=\"5\" role=\"button\" aria-controls=\"elementor-tab-content-2485\" aria-expanded=\"false\">\n\t\t\t\t\t\t\t\t\t\t\t\t<span class=\"elementor-toggle-icon elementor-toggle-icon-left\" aria-hidden=\"true\">\n\t\t\t\t\t\t\t\t\t\t\t\t\t\t\t<span class=\"elementor-toggle-icon-closed\"><i class=\"fas fa-caret-right\"><\/i><\/span>\n\t\t\t\t\t\t\t\t<span class=\"elementor-toggle-icon-opened\"><i class=\"elementor-toggle-icon-opened fas fa-caret-up\"><\/i><\/span>\n\t\t\t\t\t\t\t\t\t\t\t\t\t<\/span>\n\t\t\t\t\t\t\t\t\t\t\t\t<a class=\"elementor-toggle-title\" tabindex=\"0\">Liens Hypertextes<\/a>\n\t\t\t\t\t<\/div>\n\n\t\t\t\t\t<div id=\"elementor-tab-content-2485\" class=\"elementor-tab-content elementor-clearfix\" data-tab=\"5\" role=\"region\" aria-labelledby=\"elementor-tab-title-2485\"><p>L\u2019Editeur du Site ne saurait \u00eatre tenu responsable du contenu des informations fournies par les sites vers lesquels des liens hypertexte sont r\u00e9alis\u00e9s et d\u00e9cline toute responsabilit\u00e9 dans l\u2019hypoth\u00e8se o\u00f9 les pratiques de l\u2019un des sites tiers contreviendraient \u00e0 la l\u00e9gislation en vigueur, notamment en mati\u00e8re de protection des donn\u00e9es personnelles.<\/p><\/div>\n\t\t\t\t<\/div>\n\t\t\t\t\t\t\t\t<\/div>\n\t\t\t\t<\/div>\n\t\t\t\t<\/div>\n\t\t\t\t\t<\/div>\n\t\t<\/div>\n\t\t\t\t\t<\/div>\n\t\t<\/section>\n\t\t\t\t<section class=\"elementor-section elementor-top-section elementor-element elementor-element-cf65a0c elementor-section-boxed elementor-section-height-default elementor-section-height-default\" data-id=\"cf65a0c\" data-element_type=\"section\">\n\t\t\t\t\t\t<div class=\"elementor-container elementor-column-gap-default\">\n\t\t\t\t\t<div class=\"elementor-column elementor-col-100 elementor-top-column elementor-element elementor-element-6c8250c\" data-id=\"6c8250c\" data-element_type=\"column\">\n\t\t\t<div class=\"elementor-widget-wrap elementor-element-populated\">\n\t\t\t\t\t\t<div class=\"elementor-element elementor-element-95375e6 elementor-widget elementor-widget-heading\" data-id=\"95375e6\" data-element_type=\"widget\" data-widget_type=\"heading.default\">\n\t\t\t\t<div class=\"elementor-widget-container\">\n\t\t\t<h2 class=\"elementor-heading-title elementor-size-default\">Conditions G\u00e9n\u00e9rales d'Utilisation<\/h2>\t\t<\/div>\n\t\t\t\t<\/div>\n\t\t\t\t\t<\/div>\n\t\t<\/div>\n\t\t\t\t\t<\/div>\n\t\t<\/section>\n\t\t\t\t<section class=\"elementor-section elementor-top-section elementor-element elementor-element-6a5e752 elementor-section-boxed elementor-section-height-default elementor-section-height-default\" data-id=\"6a5e752\" data-element_type=\"section\">\n\t\t\t\t\t\t<div class=\"elementor-container elementor-column-gap-default\">\n\t\t\t\t\t<div class=\"elementor-column elementor-col-100 elementor-top-column elementor-element elementor-element-b8eba0e\" data-id=\"b8eba0e\" data-element_type=\"column\">\n\t\t\t<div class=\"elementor-widget-wrap elementor-element-populated\">\n\t\t\t\t\t\t<div class=\"elementor-element elementor-element-28f314d elementor-widget elementor-widget-toggle\" data-id=\"28f314d\" data-element_type=\"widget\" data-widget_type=\"toggle.default\">\n\t\t\t\t<div class=\"elementor-widget-container\">\n\t\t\t\t\t<div class=\"elementor-toggle\">\n\t\t\t\t\t\t\t<div class=\"elementor-toggle-item\">\n\t\t\t\t\t<div id=\"elementor-tab-title-4291\" class=\"elementor-tab-title\" data-tab=\"1\" role=\"button\" aria-controls=\"elementor-tab-content-4291\" aria-expanded=\"false\">\n\t\t\t\t\t\t\t\t\t\t\t\t<span class=\"elementor-toggle-icon elementor-toggle-icon-left\" aria-hidden=\"true\">\n\t\t\t\t\t\t\t\t\t\t\t\t\t\t\t<span class=\"elementor-toggle-icon-closed\"><i class=\"fas fa-angle-down\"><\/i><\/span>\n\t\t\t\t\t\t\t\t<span class=\"elementor-toggle-icon-opened\"><i class=\"elementor-toggle-icon-opened fas fa-caret-up\"><\/i><\/span>\n\t\t\t\t\t\t\t\t\t\t\t\t\t<\/span>\n\t\t\t\t\t\t\t\t\t\t\t\t<a class=\"elementor-toggle-title\" tabindex=\"0\">Article 1 - D\u00e9finitions<\/a>\n\t\t\t\t\t<\/div>\n\n\t\t\t\t\t<div id=\"elementor-tab-content-4291\" class=\"elementor-tab-content elementor-clearfix\" data-tab=\"1\" role=\"region\" aria-labelledby=\"elementor-tab-title-4291\">Lorem ipsum dolor sit amet, consectetur adipiscing elit. Ut elit tellus, luctus nec ullamcorper mattis, pulvinar dapibus leo.<\/div>\n\t\t\t\t<\/div>\n\t\t\t\t\t\t\t<div class=\"elementor-toggle-item\">\n\t\t\t\t\t<div id=\"elementor-tab-title-4292\" class=\"elementor-tab-title\" data-tab=\"2\" role=\"button\" aria-controls=\"elementor-tab-content-4292\" aria-expanded=\"false\">\n\t\t\t\t\t\t\t\t\t\t\t\t<span class=\"elementor-toggle-icon elementor-toggle-icon-left\" aria-hidden=\"true\">\n\t\t\t\t\t\t\t\t\t\t\t\t\t\t\t<span class=\"elementor-toggle-icon-closed\"><i class=\"fas fa-angle-down\"><\/i><\/span>\n\t\t\t\t\t\t\t\t<span class=\"elementor-toggle-icon-opened\"><i class=\"elementor-toggle-icon-opened fas fa-caret-up\"><\/i><\/span>\n\t\t\t\t\t\t\t\t\t\t\t\t\t<\/span>\n\t\t\t\t\t\t\t\t\t\t\t\t<a class=\"elementor-toggle-title\" tabindex=\"0\">Article 2 - <\/a>\n\t\t\t\t\t<\/div>\n\n\t\t\t\t\t<div id=\"elementor-tab-content-4292\" class=\"elementor-tab-content elementor-clearfix\" data-tab=\"2\" role=\"region\" aria-labelledby=\"elementor-tab-title-4292\">Lorem ipsum dolor sit amet, consectetur adipiscing elit. Ut elit tellus, luctus nec ullamcorper mattis, pulvinar dapibus leo.<\/div>\n\t\t\t\t<\/div>\n\t\t\t\t\t\t\t\t<\/div>\n\t\t\t\t<\/div>\n\t\t\t\t<\/div>\n\t\t\t\t\t<\/div>\n\t\t<\/div>\n\t\t\t\t\t<\/div>\n\t\t<\/section>\n\t\t\t\t<\/div>","protected":false},"excerpt":{"rendered":"<p>Mentions L\u00e9gales Propri\u00e9taire et Editeur Lorem ipsum dolor sit amet, consectetur adipiscing elit. Ut elit tellus, luctus nec ullamcorper mattis, pulvinar dapibus leo. H\u00e9bergeur Lorem ipsum dolor sit amet, consectetur adipiscing elit. Ut elit tellus, luctus nec ullamcorper mattis, pulvinar dapibus leo. Utilisation du Site Les informations et les services propos\u00e9s sur ce site ne [&hellip;]<\/p>","protected":false},"author":1,"featured_media":0,"parent":0,"menu_order":0,"comment_status":"closed","ping_status":"closed","template":"elementor_header_footer","meta":{"footnotes":""},"class_list":["post-17360","page","type-page","status-publish","hentry"],"yoast_head":"<!-- This site is optimized with the Yoast SEO plugin v22.0 - https:\/\/yoast.com\/wordpress\/plugins\/seo\/ -->\n<title>Terms and Conditions - St\u00e9phane Defolie # Location Scout<\/title>\n<meta name=\"robots\" content=\"index, follow, max-snippet:-1, max-image-preview:large, max-video-preview:-1\" \/>\n<link rel=\"canonical\" href=\"https:\/\/locations.stephane-defolie.com\/fr\/terms-and-conditions-2\/\" \/>\n<meta property=\"og:locale\" content=\"fr_FR\" \/>\n<meta property=\"og:type\" content=\"article\" \/>\n<meta property=\"og:title\" content=\"Terms and Conditions - St\u00e9phane Defolie # Location Scout\" \/>\n<meta property=\"og:description\" content=\"Mentions L\u00e9gales Propri\u00e9taire et Editeur Lorem ipsum dolor sit amet, consectetur adipiscing elit. Ut elit tellus, luctus nec ullamcorper mattis, pulvinar dapibus leo. H\u00e9bergeur Lorem ipsum dolor sit amet, consectetur adipiscing elit. Ut elit tellus, luctus nec ullamcorper mattis, pulvinar dapibus leo. Utilisation du Site Les informations et les services propos\u00e9s sur ce site ne [&hellip;]\" \/>\n<meta property=\"og:url\" content=\"https:\/\/locations.stephane-defolie.com\/fr\/terms-and-conditions-2\/\" \/>\n<meta property=\"og:site_name\" content=\"St\u00e9phane Defolie # Location Scout\" \/>\n<meta property=\"article:modified_time\" content=\"2023-11-17T14:37:15+00:00\" \/>\n<meta name=\"twitter:label1\" content=\"Dur\u00e9e de lecture estim\u00e9e\" \/>\n\t<meta name=\"twitter:data1\" content=\"2 minutes\" \/>\n<script type=\"application\/ld+json\" class=\"yoast-schema-graph\">{\"@context\":\"https:\/\/schema.org\",\"@graph\":[{\"@type\":\"WebPage\",\"@id\":\"https:\/\/locations.stephane-defolie.com\/terms-and-conditions-2\/\",\"url\":\"https:\/\/locations.stephane-defolie.com\/terms-and-conditions-2\/\",\"name\":\"Terms and Conditions - St\u00e9phane Defolie # Location Scout\",\"isPartOf\":{\"@id\":\"https:\/\/locations.stephane-defolie.com\/#website\"},\"datePublished\":\"2016-03-10T18:51:46+00:00\",\"dateModified\":\"2023-11-17T14:37:15+00:00\",\"breadcrumb\":{\"@id\":\"https:\/\/locations.stephane-defolie.com\/terms-and-conditions-2\/#breadcrumb\"},\"inLanguage\":\"fr-FR\",\"potentialAction\":[{\"@type\":\"ReadAction\",\"target\":[\"https:\/\/locations.stephane-defolie.com\/terms-and-conditions-2\/\"]}]},{\"@type\":\"BreadcrumbList\",\"@id\":\"https:\/\/locations.stephane-defolie.com\/terms-and-conditions-2\/#breadcrumb\",\"itemListElement\":[{\"@type\":\"ListItem\",\"position\":1,\"name\":\"Accueil\",\"item\":\"https:\/\/locations.stephane-defolie.com\/\"},{\"@type\":\"ListItem\",\"position\":2,\"name\":\"Terms and Conditions\"}]},{\"@type\":\"WebSite\",\"@id\":\"https:\/\/locations.stephane-defolie.com\/#website\",\"url\":\"https:\/\/locations.stephane-defolie.com\/\",\"name\":\"St\u00e9phane Defolie # Location Scout\",\"description\":\"Marseille - Provence - South of France\",\"publisher\":{\"@id\":\"https:\/\/locations.stephane-defolie.com\/#organization\"},\"potentialAction\":[{\"@type\":\"SearchAction\",\"target\":{\"@type\":\"EntryPoint\",\"urlTemplate\":\"https:\/\/locations.stephane-defolie.com\/?s={search_term_string}\"},\"query-input\":\"required name=search_term_string\"}],\"inLanguage\":\"fr-FR\"},{\"@type\":\"Organization\",\"@id\":\"https:\/\/locations.stephane-defolie.com\/#organization\",\"name\":\"St\u00e9phane Defolie # Location Scout\",\"url\":\"https:\/\/locations.stephane-defolie.com\/\",\"logo\":{\"@type\":\"ImageObject\",\"inLanguage\":\"fr-FR\",\"@id\":\"https:\/\/locations.stephane-defolie.com\/#\/schema\/logo\/image\/\",\"url\":\"https:\/\/locations.stephane-defolie.com\/wp-content\/uploads\/2022\/12\/logo-text-black.png\",\"contentUrl\":\"https:\/\/locations.stephane-defolie.com\/wp-content\/uploads\/2022\/12\/logo-text-black.png\",\"width\":907,\"height\":354,\"caption\":\"St\u00e9phane Defolie # Location Scout\"},\"image\":{\"@id\":\"https:\/\/locations.stephane-defolie.com\/#\/schema\/logo\/image\/\"}}]}<\/script>\n<!-- \/ Yoast SEO plugin. -->","yoast_head_json":{"title":"Terms and Conditions - St\u00e9phane Defolie # Location Scout","robots":{"index":"index","follow":"follow","max-snippet":"max-snippet:-1","max-image-preview":"max-image-preview:large","max-video-preview":"max-video-preview:-1"},"canonical":"https:\/\/locations.stephane-defolie.com\/fr\/terms-and-conditions-2\/","og_locale":"fr_FR","og_type":"article","og_title":"Terms and Conditions - St\u00e9phane Defolie # Location Scout","og_description":"Mentions L\u00e9gales Propri\u00e9taire et Editeur Lorem ipsum dolor sit amet, consectetur adipiscing elit. Ut elit tellus, luctus nec ullamcorper mattis, pulvinar dapibus leo. H\u00e9bergeur Lorem ipsum dolor sit amet, consectetur adipiscing elit. Ut elit tellus, luctus nec ullamcorper mattis, pulvinar dapibus leo. Utilisation du Site Les informations et les services propos\u00e9s sur ce site ne [&hellip;]","og_url":"https:\/\/locations.stephane-defolie.com\/fr\/terms-and-conditions-2\/","og_site_name":"St\u00e9phane Defolie # Location Scout","article_modified_time":"2023-11-17T14:37:15+00:00","twitter_misc":{"Dur\u00e9e de lecture estim\u00e9e":"2 minutes"},"schema":{"@context":"https:\/\/schema.org","@graph":[{"@type":"WebPage","@id":"https:\/\/locations.stephane-defolie.com\/terms-and-conditions-2\/","url":"https:\/\/locations.stephane-defolie.com\/terms-and-conditions-2\/","name":"Terms and Conditions - St\u00e9phane Defolie # Location Scout","isPartOf":{"@id":"https:\/\/locations.stephane-defolie.com\/#website"},"datePublished":"2016-03-10T18:51:46+00:00","dateModified":"2023-11-17T14:37:15+00:00","breadcrumb":{"@id":"https:\/\/locations.stephane-defolie.com\/terms-and-conditions-2\/#breadcrumb"},"inLanguage":"fr-FR","potentialAction":[{"@type":"ReadAction","target":["https:\/\/locations.stephane-defolie.com\/terms-and-conditions-2\/"]}]},{"@type":"BreadcrumbList","@id":"https:\/\/locations.stephane-defolie.com\/terms-and-conditions-2\/#breadcrumb","itemListElement":[{"@type":"ListItem","position":1,"name":"Accueil","item":"https:\/\/locations.stephane-defolie.com\/"},{"@type":"ListItem","position":2,"name":"Terms and Conditions"}]},{"@type":"WebSite","@id":"https:\/\/locations.stephane-defolie.com\/#website","url":"https:\/\/locations.stephane-defolie.com\/","name":"St\u00e9phane Defolie # Location Scout","description":"Marseille - Provence - South of France","publisher":{"@id":"https:\/\/locations.stephane-defolie.com\/#organization"},"potentialAction":[{"@type":"SearchAction","target":{"@type":"EntryPoint","urlTemplate":"https:\/\/locations.stephane-defolie.com\/?s={search_term_string}"},"query-input":"required name=search_term_string"}],"inLanguage":"fr-FR"},{"@type":"Organization","@id":"https:\/\/locations.stephane-defolie.com\/#organization","name":"St\u00e9phane Defolie # Location Scout","url":"https:\/\/locations.stephane-defolie.com\/","logo":{"@type":"ImageObject","inLanguage":"fr-FR","@id":"https:\/\/locations.stephane-defolie.com\/#\/schema\/logo\/image\/","url":"https:\/\/locations.stephane-defolie.com\/wp-content\/uploads\/2022\/12\/logo-text-black.png","contentUrl":"https:\/\/locations.stephane-defolie.com\/wp-content\/uploads\/2022\/12\/logo-text-black.png","width":907,"height":354,"caption":"St\u00e9phane Defolie # Location Scout"},"image":{"@id":"https:\/\/locations.stephane-defolie.com\/#\/schema\/logo\/image\/"}}]}},"_links":{"self":[{"href":"https:\/\/locations.stephane-defolie.com\/fr\/wp-json\/wp\/v2\/pages\/17360"}],"collection":[{"href":"https:\/\/locations.stephane-defolie.com\/fr\/wp-json\/wp\/v2\/pages"}],"about":[{"href":"https:\/\/locations.stephane-defolie.com\/fr\/wp-json\/wp\/v2\/types\/page"}],"author":[{"embeddable":true,"href":"https:\/\/locations.stephane-defolie.com\/fr\/wp-json\/wp\/v2\/users\/1"}],"replies":[{"embeddable":true,"href":"https:\/\/locations.stephane-defolie.com\/fr\/wp-json\/wp\/v2\/comments?post=17360"}],"version-history":[{"count":51,"href":"https:\/\/locations.stephane-defolie.com\/fr\/wp-json\/wp\/v2\/pages\/17360\/revisions"}],"predecessor-version":[{"id":20088,"href":"https:\/\/locations.stephane-defolie.com\/fr\/wp-json\/wp\/v2\/pages\/17360\/revisions\/20088"}],"wp:attachment":[{"href":"https:\/\/locations.stephane-defolie.com\/fr\/wp-json\/wp\/v2\/media?parent=17360"}],"curies":[{"name":"wp","href":"https:\/\/api.w.org\/{rel}","templated":true}]}}